{"id":42,"date":"2024-08-12T15:09:55","date_gmt":"2024-08-12T13:09:55","guid":{"rendered":"https:\/\/www.laurinkostersallskapet.se\/?page_id=42"},"modified":"2024-08-12T15:11:17","modified_gmt":"2024-08-12T13:11:17","slug":"rad-och-ron","status":"publish","type":"page","link":"https:\/\/www.laurinkostersallskapet.se\/?page_id=42","title":{"rendered":"R\u00e5d och r\u00f6n"},"content":{"rendered":"\n<h2 class=\"wp-block-heading\">B\u00f6cker<\/h2>\n\n\n\n<p>G\u00f6ran Cederstr\u00f6m &#8211; Fr\u00e5n hav till hav, L-28:an Tua-Tuas jordenruntsegling\u00a0\u00a0\u00a0\u00a0\u00a0\u00a0<\/p>\n\n\n\n<p>Leif Alm- B\u00f6ljande bl\u00e5 ocean, L-38:an Saga II seglar jorden runt\u00a0 \u00a0 \u00a0 \u00a0 \u00a0 \u00a0 \u00a0 \u00a0 <\/p>\n\n\n\n<h2 class=\"wp-block-heading\">F\u00f6rb\u00e4ttringar och tips<\/h2>\n\n\n\n<h2 class=\"wp-block-heading\">Stormfock<\/h2>\n\n\n\n<p>Torleif tiposar om en finurlig l\u00f6sning p\u00e5 hans L-28 f\u00f6r att s\u00e4tta en Stormfock utanp\u00e5 den inrullade genua&nbsp; och kunna anv\u00e4nda pistolhakarna.<\/p>\n\n\n\n<div class=\"wp-block-group\"><div class=\"wp-block-group__inner-container is-layout-constrained wp-block-group-is-layout-constrained\">\n<div class=\"wp-block-columns are-vertically-aligned-center is-layout-flex wp-container-core-columns-is-layout-9d6595d7 wp-block-columns-is-layout-flex\">\n<div class=\"wp-block-column is-vertically-aligned-center is-layout-flow wp-block-column-is-layout-flow\" style=\"flex-basis:100%\">\n<figure class=\"wp-block-gallery has-nested-images columns-default is-cropped wp-block-gallery-1 is-layout-flex wp-block-gallery-is-layout-flex\">\n<figure class=\"wp-block-image size-full\"><img loading=\"lazy\" decoding=\"async\" width=\"122\" height=\"163\" data-id=\"43\" src=\"https:\/\/www.laurinkostersallskapet.se\/wp-content\/uploads\/2024\/08\/Stormfock_4.jpg\" alt=\"\" class=\"wp-image-43\"\/><\/figure>\n<\/figure>\n<\/div>\n<\/div>\n<\/div><\/div>\n\n\n\n<figure class=\"wp-block-gallery has-nested-images columns-default is-cropped wp-block-gallery-2 is-layout-flex wp-block-gallery-is-layout-flex\">\n<figure class=\"wp-block-image size-full\"><img loading=\"lazy\" decoding=\"async\" width=\"204\" height=\"153\" data-id=\"44\" src=\"https:\/\/www.laurinkostersallskapet.se\/wp-content\/uploads\/2024\/08\/Stormfock_3.jpg\" alt=\"\" class=\"wp-image-44\"\/><\/figure>\n\n\n\n<figure class=\"wp-block-image size-full\"><img loading=\"lazy\" decoding=\"async\" width=\"204\" height=\"153\" data-id=\"45\" src=\"https:\/\/www.laurinkostersallskapet.se\/wp-content\/uploads\/2024\/08\/Stormfock_2.jpg\" alt=\"\" class=\"wp-image-45\"\/><\/figure>\n<\/figure>\n\n\n\n<h2 class=\"wp-block-heading\">Rigg &amp; Beslag<\/h2>\n\n\n\n<p>Den 6 december 2023 hade vi ett webinarium om riggar och reparationer<\/p>\n\n\n\n<figure class=\"wp-block-image size-full\"><img loading=\"lazy\" decoding=\"async\" width=\"400\" height=\"533\" src=\"https:\/\/www.laurinkostersallskapet.se\/wp-content\/uploads\/2024\/08\/FB_IMG_1670354536924.jpg\" alt=\"\" class=\"wp-image-48\" srcset=\"https:\/\/www.laurinkostersallskapet.se\/wp-content\/uploads\/2024\/08\/FB_IMG_1670354536924.jpg 400w, https:\/\/www.laurinkostersallskapet.se\/wp-content\/uploads\/2024\/08\/FB_IMG_1670354536924-225x300.jpg 225w\" sizes=\"auto, (max-width: 400px) 85vw, 400px\" \/><\/figure>\n\n\n\n<p>Bilden visar masttoppen p\u00e5 Jannes L-28 <\/p>\n\n\n\n<h2 class=\"wp-block-heading\">Dysa p\u00e5 rodret<\/h2>\n\n\n\n<p>Att s\u00e4tta en Dysa p\u00e5 400 mm &#8211; ger en f\u00f6rb\u00e4ttrad man\u00f6vreringsf\u00f6rm\u00e5ga.&nbsp;<br>400mm avloppsr\u00f6r. Med&nbsp;fr\u00e4sta falser f\u00f6r f\u00e4stvinklarna.<br>Jan Elfstedt har \u00e4ven gjort en likande l\u00f6sning i rostfritt.<\/p>\n\n\n\n<figure class=\"wp-block-gallery has-nested-images columns-default is-cropped wp-block-gallery-3 is-layout-flex wp-block-gallery-is-layout-flex\">\n<figure class=\"wp-block-image size-full\"><img loading=\"lazy\" decoding=\"async\" width=\"120\" height=\"90\" data-id=\"46\" src=\"https:\/\/www.laurinkostersallskapet.se\/wp-content\/uploads\/2024\/08\/DSC01621.jpeg\" alt=\"\" class=\"wp-image-46\"\/><\/figure>\n<\/figure>\n\n\n\n<figure class=\"wp-block-gallery has-nested-images columns-default is-cropped wp-block-gallery-4 is-layout-flex wp-block-gallery-is-layout-flex\">\n<figure class=\"wp-block-image size-full\"><img loading=\"lazy\" decoding=\"async\" width=\"122\" height=\"91\" data-id=\"47\" src=\"https:\/\/www.laurinkostersallskapet.se\/wp-content\/uploads\/2024\/08\/DSC01644.jpeg\" alt=\"\" class=\"wp-image-47\"\/><\/figure>\n<\/figure>\n\n\n\n<h2 class=\"wp-block-heading\">Badstege<\/h2>\n\n\n\n<p>Att f\u00e5 till en bra badstege p\u00e5 v\u00e5ra b\u00e5tar \u00e4r ofta sv\u00e5rt men till v\u00e5r L-32a har vi anv\u00e4nt denna fr\u00e5n &#8211;&nbsp;<a href=\"https:\/\/www.hjertmans.se\/produkter\/inredning-dacksutrustning\/stegar\/badstegar\/badstege-3-stegs-880x310mm\">Hjertmans<\/a>&nbsp;<\/p>\n","protected":false},"excerpt":{"rendered":"<p>B\u00f6cker G\u00f6ran Cederstr\u00f6m &#8211; Fr\u00e5n hav till hav, L-28:an Tua-Tuas jordenruntsegling\u00a0\u00a0\u00a0\u00a0\u00a0\u00a0 Leif Alm- B\u00f6ljande bl\u00e5 ocean, L-38:an Saga II seglar jorden runt\u00a0 \u00a0 \u00a0 \u00a0 \u00a0 \u00a0 \u00a0 \u00a0 F\u00f6rb\u00e4ttringar och tips Stormfock Torleif tiposar om en finurlig l\u00f6sning p\u00e5 hans L-28 f\u00f6r att s\u00e4tta en Stormfock utanp\u00e5 den inrullade genua&nbsp; och kunna anv\u00e4nda pistolhakarna. &hellip; <a href=\"https:\/\/www.laurinkostersallskapet.se\/?page_id=42\" class=\"more-link\">Forts\u00e4tt l\u00e4sa<span class=\"screen-reader-text\"> \u201dR\u00e5d och r\u00f6n\u201d<\/span><\/a><\/p>\n","protected":false},"author":1,"featured_media":0,"parent":0,"menu_order":0,"comment_status":"closed","ping_status":"closed","template":"","meta":{"footnotes":""},"class_list":["post-42","page","type-page","status-publish","hentry"],"_links":{"self":[{"href":"https:\/\/www.laurinkostersallskapet.se\/index.php?rest_route=\/wp\/v2\/pages\/42","targetHints":{"allow":["GET"]}}],"collection":[{"href":"https:\/\/www.laurinkostersallskapet.se\/index.php?rest_route=\/wp\/v2\/pages"}],"about":[{"href":"https:\/\/www.laurinkostersallskapet.se\/index.php?rest_route=\/wp\/v2\/types\/page"}],"author":[{"embeddable":true,"href":"https:\/\/www.laurinkostersallskapet.se\/index.php?rest_route=\/wp\/v2\/users\/1"}],"replies":[{"embeddable":true,"href":"https:\/\/www.laurinkostersallskapet.se\/index.php?rest_route=%2Fwp%2Fv2%2Fcomments&post=42"}],"version-history":[{"count":2,"href":"https:\/\/www.laurinkostersallskapet.se\/index.php?rest_route=\/wp\/v2\/pages\/42\/revisions"}],"predecessor-version":[{"id":51,"href":"https:\/\/www.laurinkostersallskapet.se\/index.php?rest_route=\/wp\/v2\/pages\/42\/revisions\/51"}],"wp:attachment":[{"href":"https:\/\/www.laurinkostersallskapet.se\/index.php?rest_route=%2Fwp%2Fv2%2Fmedia&parent=42"}],"curies":[{"name":"wp","href":"https:\/\/api.w.org\/{rel}","templated":true}]}}