{"id":30,"date":"2024-08-12T14:54:41","date_gmt":"2024-08-12T12:54:41","guid":{"rendered":"https:\/\/www.laurinkostersallskapet.se\/?page_id=30"},"modified":"2026-02-08T19:29:39","modified_gmt":"2026-02-08T18:29:39","slug":"medlemskap","status":"publish","type":"page","link":"https:\/\/www.laurinkostersallskapet.se\/?page_id=30","title":{"rendered":"Medlemskap"},"content":{"rendered":"\n<h2 class=\"wp-block-heading\">V\u00e4lkommen till Laurinkosters\u00e4llskapet 2026<\/h2>\n\n\n\n<p>Vi har tagit fram ett informationsblad till dig som vill bli medlem i v\u00e5r f\u00f6rening.<\/p>\n\n\n\n<figure class=\"wp-block-image size-large\"><img loading=\"lazy\" decoding=\"async\" width=\"763\" height=\"1024\" src=\"https:\/\/www.laurinkostersallskapet.se\/wp-content\/uploads\/2024\/08\/valkommen_2022.jpg-763x1024.jpg\" alt=\"\" class=\"wp-image-40\" srcset=\"https:\/\/www.laurinkostersallskapet.se\/wp-content\/uploads\/2024\/08\/valkommen_2022.jpg-763x1024.jpg 763w, https:\/\/www.laurinkostersallskapet.se\/wp-content\/uploads\/2024\/08\/valkommen_2022.jpg-223x300.jpg 223w, https:\/\/www.laurinkostersallskapet.se\/wp-content\/uploads\/2024\/08\/valkommen_2022.jpg-768x1031.jpg 768w, https:\/\/www.laurinkostersallskapet.se\/wp-content\/uploads\/2024\/08\/valkommen_2022.jpg-1144x1536.jpg 1144w, https:\/\/www.laurinkostersallskapet.se\/wp-content\/uploads\/2024\/08\/valkommen_2022.jpg-1200x1611.jpg 1200w, https:\/\/www.laurinkostersallskapet.se\/wp-content\/uploads\/2024\/08\/valkommen_2022.jpg.jpg 1330w\" sizes=\"auto, (max-width: 763px) 85vw, 763px\" \/><\/figure>\n\n\n\n<p><a href=\"https:\/\/www.laurinkostersallskapet.se\/wp-content\/uploads\/2024\/08\/Vlkommen_till_Laurinkostersllskapet_2022.pdf\">PDF f\u00f6r nedladdning<\/a><\/p>\n\n\n\n<p><strong>Medlemskap<\/strong><\/p>\n\n\n\n<p>Anm\u00e4l dig till Laurinkosters\u00e4llskapet genom att s\u00e4tta in 150 kr \/ 15 EUR p\u00e5&nbsp;<br>Plusgiro 468 35 75-7&nbsp;per \u00e5r.<\/p>\n\n\n\n<p>F\u00f6r medlemsavgiften f\u00e5r du v\u00e5rt blad som kommer ut ett par g\u00e5nger per \u00e5r. Vi har \u00e4ven n\u00e5gra segeltr\u00e4ffar per \u00e5r d\u00e4r alla Laurinentusiaster \u00e4r v\u00e4lkomna.&nbsp;<\/p>\n\n\n\n<p>Ange:&nbsp;Namn, adress, telefonnummer, e-postadress, b\u00e5tnamn, beteckning, segelnummer och eventuell anropssignal.<\/p>\n\n\n\n<p>V\u00e4lkommen<\/p>\n\n\n\n<p><a href=\"mailto:laurinkostersallskapet@gmail.com\">laurinkostersallskapet@gmail.com<\/a><\/p>\n","protected":false},"excerpt":{"rendered":"<p>V\u00e4lkommen till Laurinkosters\u00e4llskapet 2026 Vi har tagit fram ett informationsblad till dig som vill bli medlem i v\u00e5r f\u00f6rening. PDF f\u00f6r nedladdning Medlemskap Anm\u00e4l dig till Laurinkosters\u00e4llskapet genom att s\u00e4tta in 150 kr \/ 15 EUR p\u00e5&nbsp;Plusgiro 468 35 75-7&nbsp;per \u00e5r. F\u00f6r medlemsavgiften f\u00e5r du v\u00e5rt blad som kommer ut ett par g\u00e5nger per \u00e5r. &hellip; <a href=\"https:\/\/www.laurinkostersallskapet.se\/?page_id=30\" class=\"more-link\">Forts\u00e4tt l\u00e4sa<span class=\"screen-reader-text\"> \u201dMedlemskap\u201d<\/span><\/a><\/p>\n","protected":false},"author":1,"featured_media":0,"parent":0,"menu_order":0,"comment_status":"closed","ping_status":"closed","template":"","meta":{"footnotes":""},"class_list":["post-30","page","type-page","status-publish","hentry"],"_links":{"self":[{"href":"https:\/\/www.laurinkostersallskapet.se\/index.php?rest_route=\/wp\/v2\/pages\/30","targetHints":{"allow":["GET"]}}],"collection":[{"href":"https:\/\/www.laurinkostersallskapet.se\/index.php?rest_route=\/wp\/v2\/pages"}],"about":[{"href":"https:\/\/www.laurinkostersallskapet.se\/index.php?rest_route=\/wp\/v2\/types\/page"}],"author":[{"embeddable":true,"href":"https:\/\/www.laurinkostersallskapet.se\/index.php?rest_route=\/wp\/v2\/users\/1"}],"replies":[{"embeddable":true,"href":"https:\/\/www.laurinkostersallskapet.se\/index.php?rest_route=%2Fwp%2Fv2%2Fcomments&post=30"}],"version-history":[{"count":3,"href":"https:\/\/www.laurinkostersallskapet.se\/index.php?rest_route=\/wp\/v2\/pages\/30\/revisions"}],"predecessor-version":[{"id":90,"href":"https:\/\/www.laurinkostersallskapet.se\/index.php?rest_route=\/wp\/v2\/pages\/30\/revisions\/90"}],"wp:attachment":[{"href":"https:\/\/www.laurinkostersallskapet.se\/index.php?rest_route=%2Fwp%2Fv2%2Fmedia&parent=30"}],"curies":[{"name":"wp","href":"https:\/\/api.w.org\/{rel}","templated":true}]}}