{"id":28,"date":"2024-08-12T14:53:37","date_gmt":"2024-08-12T12:53:37","guid":{"rendered":"https:\/\/www.laurinkostersallskapet.se\/?page_id=28"},"modified":"2026-03-12T18:00:32","modified_gmt":"2026-03-12T17:00:32","slug":"ordforandens-sida","status":"publish","type":"page","link":"https:\/\/www.laurinkostersallskapet.se\/?page_id=28","title":{"rendered":"Ordf\u00f6randens sida"},"content":{"rendered":"\n<h1 class=\"wp-block-heading\"><img decoding=\"async\" src=\"http:\/\/laurinkoster.dinstudio.se\/files\/400x300\/Ordfrande_angr.jpg\" alt=\"\"><\/h1>\n\n\n\n<figure class=\"wp-block-image size-large\"><img loading=\"lazy\" decoding=\"async\" width=\"1024\" height=\"768\" src=\"https:\/\/www.laurinkostersallskapet.se\/wp-content\/uploads\/2026\/02\/IMG_20200513_153941_934-1024x768.jpg\" alt=\"\" class=\"wp-image-88\" srcset=\"https:\/\/www.laurinkostersallskapet.se\/wp-content\/uploads\/2026\/02\/IMG_20200513_153941_934-1024x768.jpg 1024w, https:\/\/www.laurinkostersallskapet.se\/wp-content\/uploads\/2026\/02\/IMG_20200513_153941_934-300x225.jpg 300w, https:\/\/www.laurinkostersallskapet.se\/wp-content\/uploads\/2026\/02\/IMG_20200513_153941_934-768x576.jpg 768w, https:\/\/www.laurinkostersallskapet.se\/wp-content\/uploads\/2026\/02\/IMG_20200513_153941_934-1536x1152.jpg 1536w, https:\/\/www.laurinkostersallskapet.se\/wp-content\/uploads\/2026\/02\/IMG_20200513_153941_934-2048x1536.jpg 2048w, https:\/\/www.laurinkostersallskapet.se\/wp-content\/uploads\/2026\/02\/IMG_20200513_153941_934-1200x900.jpg 1200w\" sizes=\"auto, (max-width: 709px) 85vw, (max-width: 909px) 67vw, (max-width: 1362px) 62vw, 840px\" \/><\/figure>\n\n\n\n<p>&nbsp;<\/p>\n\n\n\n<p>Hej!<\/p>\n\n\n\n<p>V\u00e4lkommen till Laurinkosters\u00e4llskapet. Vi bildades 1994. D\u00e5 var det en f\u00f6rening f\u00f6r bara L-28or men med tiden ut\u00f6kade vi den till att omfatta alla modeller av Laurinkostrar. Nu mer har vi \u00e4ven en FB-grupp&nbsp;<a href=\"https:\/\/www.facebook.com\/groups\/676849889141225\/\" target=\"_blank\" rel=\"noreferrer noopener\">https:\/\/www.facebook.com\/groups\/676849889141225\/<\/a>&nbsp;d\u00e4r vi har den snabbare kommunikationen mellan medlemmarna, har man n\u00e5gra problem eller bara vill ber\u00e4tta en trevlig h\u00e4ndelse s\u00e5 \u00e4r det ofta r\u00e4tt forum.<\/p>\n\n\n\n<p>V\u00e5rt viktigast media \u00e4r v\u00e5rt blad som vi ger ut ca 4 g\u00e5nger per \u00e5r, varav vi hoppas kunna publicera arkiven h\u00e4r p\u00e5 hemsidan i sinom tid. <\/p>\n\n\n\n<p>Det brukar \u00e4ven bli n\u00e5gra tr\u00e4ffar \u00e5rligen som f\u00f6r n\u00e4rvarande ligger f\u00f6rlagda i Stockholms sk\u00e4rg\u00e5rd men d\u00e4r vi \u00e4ven skulle vilja kunna ut\u00f6ka till fler platser samtidigt vilket vi haft tidigare \u00e5r. Nu i \u00e5r kommer vi ha en en v\u00e5rtr\u00e4ff i juni och en h\u00f6sttr\u00e4ff i september. Det \u00e4r ett lysande tillf\u00e4lle att titta p\u00e5 b\u00e5tarna och talas vid om olika l\u00f6sningar och trimmning osv.<\/p>\n\n\n\n<p>Avsikten med f\u00f6reningen \u00e4r att samla alla som \u00e4r intresserade f\u00f6r att d\u00e4rigenom sprida kunskap om Laurinkostrarna, Laurins designer i allm\u00e4nhet, och inte minst segling med dessa fantastiska b\u00e5tar. Det \u00e4r nog f\u00e5 andra b\u00e5tmodeller som s\u00e5 flitigt har seglats \u00f6ver s\u00e5 stora vatten som dessa gjort. Vi har m\u00e5nga l\u00e5ngseglande medlemmar men du beh\u00f6ver inte ha n\u00e5gon b\u00e5t f\u00f6r att kunna bli medlem i f\u00f6reningen. Under \u00e5ren har vi samlat p\u00e5 oss en hel del material som kan vara bra f\u00f6r den som \u00e4ger en Laurinare. Har du n\u00e5gon information eller ritning som du vill dela med dig av s\u00e5 kontakta oss s\u00e5 kan vi l\u00e4gga upp det h\u00e4r eller ta med det i v\u00e5rat medlemsblad n\u00e4sta g\u00e5ng.<\/p>\n\n\n\n<p>Priset f\u00f6r medlemskap \u00e4r endast 150 kr per \u00e5r och anm\u00e4l&nbsp; g\u00f6r du genom att s\u00e4tta in 150 kr \/ 15 EUR p\u00e5<br>Plusgiro 468 35 75-7.<\/p>\n\n\n\n<p>Ordf\u00f6rande 2025-2026<\/p>\n\n\n\n<p><a href=\"mailto:laurinkostersallskapet@gmail.com\">Tobias<\/a><\/p>\n","protected":false},"excerpt":{"rendered":"<p>&nbsp; Hej! V\u00e4lkommen till Laurinkosters\u00e4llskapet. Vi bildades 1994. D\u00e5 var det en f\u00f6rening f\u00f6r bara L-28or men med tiden ut\u00f6kade vi den till att omfatta alla modeller av Laurinkostrar. Nu mer har vi \u00e4ven en FB-grupp&nbsp;https:\/\/www.facebook.com\/groups\/676849889141225\/&nbsp;d\u00e4r vi har den snabbare kommunikationen mellan medlemmarna, har man n\u00e5gra problem eller bara vill ber\u00e4tta en trevlig h\u00e4ndelse s\u00e5 &hellip; <a href=\"https:\/\/www.laurinkostersallskapet.se\/?page_id=28\" class=\"more-link\">Forts\u00e4tt l\u00e4sa<span class=\"screen-reader-text\"> \u201dOrdf\u00f6randens sida\u201d<\/span><\/a><\/p>\n","protected":false},"author":1,"featured_media":0,"parent":0,"menu_order":0,"comment_status":"closed","ping_status":"closed","template":"","meta":{"footnotes":""},"class_list":["post-28","page","type-page","status-publish","hentry"],"_links":{"self":[{"href":"https:\/\/www.laurinkostersallskapet.se\/index.php?rest_route=\/wp\/v2\/pages\/28","targetHints":{"allow":["GET"]}}],"collection":[{"href":"https:\/\/www.laurinkostersallskapet.se\/index.php?rest_route=\/wp\/v2\/pages"}],"about":[{"href":"https:\/\/www.laurinkostersallskapet.se\/index.php?rest_route=\/wp\/v2\/types\/page"}],"author":[{"embeddable":true,"href":"https:\/\/www.laurinkostersallskapet.se\/index.php?rest_route=\/wp\/v2\/users\/1"}],"replies":[{"embeddable":true,"href":"https:\/\/www.laurinkostersallskapet.se\/index.php?rest_route=%2Fwp%2Fv2%2Fcomments&post=28"}],"version-history":[{"count":4,"href":"https:\/\/www.laurinkostersallskapet.se\/index.php?rest_route=\/wp\/v2\/pages\/28\/revisions"}],"predecessor-version":[{"id":103,"href":"https:\/\/www.laurinkostersallskapet.se\/index.php?rest_route=\/wp\/v2\/pages\/28\/revisions\/103"}],"wp:attachment":[{"href":"https:\/\/www.laurinkostersallskapet.se\/index.php?rest_route=%2Fwp%2Fv2%2Fmedia&parent=28"}],"curies":[{"name":"wp","href":"https:\/\/api.w.org\/{rel}","templated":true}]}}