{"id":26,"date":"2024-08-12T14:52:29","date_gmt":"2024-08-12T12:52:29","guid":{"rendered":"https:\/\/www.laurinkostersallskapet.se\/?page_id=26"},"modified":"2024-08-12T14:52:29","modified_gmt":"2024-08-12T12:52:29","slug":"kosterinfo","status":"publish","type":"page","link":"https:\/\/www.laurinkostersallskapet.se\/?page_id=26","title":{"rendered":"Kosterinfo"},"content":{"rendered":"\n<p>Det finns en m\u00e4ngd olika moddeller av Laurinkostrar och n\u00e5gra har vi lyckats f\u00e5 fram produktblad och skisser p\u00e5 medan vi saknar andra. Flera av modellerna finns med olika riggalternativ ocks\u00e5. H\u00e4r nedan har vi gjort en lista \u00f6ver de vanligaste modellerna.<\/p>\n\n\n\n<p><strong>Larinkostrar i plast<\/strong><\/p>\n\n\n\n<p>L 22, l\u00f6a 6,6, bredd 2,1, djup 1,1, depl 1,8 ton, serea 20 m<sup>3<\/sup><\/p>\n\n\n\n<p>L 26, l\u00f6a 7,95, bredd 2,5, djup 1,5, depl 3 ton, segelarea 27 m<sup>3<\/sup><\/p>\n\n\n\n<p>L 28 MK I, 8,34, bredd 2,5, djup 1,35, depl 3,3 ton, segelarea 33 m<sup>3<\/sup><\/p>\n\n\n\n<p>L 28 MK II, dito<\/p>\n\n\n\n<p>L 31, l\u00f6a 9,65, bredd 2,88, djup 1,55, depl 5 ton<\/p>\n\n\n\n<p>L 31 Ketch, dito<\/p>\n\n\n\n<p>L 32, l\u00f6a 9,81, bredd 2,88, djup 1,5, k\u00f6lvikt, 2,5 ton, depl 5 ton, segelarea 48 m<sup>3<\/sup><\/p>\n\n\n\n<p>L 32 Ketch, dito<\/p>\n\n\n\n<p>L 38 Ketch, l\u00f6a 11,6, bredd 3,15, djup 1,65, k\u00f6lvikt 4,15 ton, depl 10 ton, segelarea 74 m<sup>3<\/sup><\/p>\n\n\n\n<p><strong>Tr\u00e4b\u00e5tar<\/strong><\/p>\n\n\n\n<p>3,2 ton, 28 fot<\/p>\n\n\n\n<p>4,5 ton, 31 fot<\/p>\n\n\n\n<p>6,5 ton, 34 fot<\/p>\n\n\n\n<p>10 ton, 40 fot<\/p>\n","protected":false},"excerpt":{"rendered":"<p>Det finns en m\u00e4ngd olika moddeller av Laurinkostrar och n\u00e5gra har vi lyckats f\u00e5 fram produktblad och skisser p\u00e5 medan vi saknar andra. Flera av modellerna finns med olika riggalternativ ocks\u00e5. H\u00e4r nedan har vi gjort en lista \u00f6ver de vanligaste modellerna. Larinkostrar i plast L 22, l\u00f6a 6,6, bredd 2,1, djup 1,1, depl 1,8 &hellip; <a href=\"https:\/\/www.laurinkostersallskapet.se\/?page_id=26\" class=\"more-link\">Forts\u00e4tt l\u00e4sa<span class=\"screen-reader-text\"> \u201dKosterinfo\u201d<\/span><\/a><\/p>\n","protected":false},"author":1,"featured_media":0,"parent":0,"menu_order":0,"comment_status":"closed","ping_status":"closed","template":"","meta":{"footnotes":""},"class_list":["post-26","page","type-page","status-publish","hentry"],"_links":{"self":[{"href":"https:\/\/www.laurinkostersallskapet.se\/index.php?rest_route=\/wp\/v2\/pages\/26","targetHints":{"allow":["GET"]}}],"collection":[{"href":"https:\/\/www.laurinkostersallskapet.se\/index.php?rest_route=\/wp\/v2\/pages"}],"about":[{"href":"https:\/\/www.laurinkostersallskapet.se\/index.php?rest_route=\/wp\/v2\/types\/page"}],"author":[{"embeddable":true,"href":"https:\/\/www.laurinkostersallskapet.se\/index.php?rest_route=\/wp\/v2\/users\/1"}],"replies":[{"embeddable":true,"href":"https:\/\/www.laurinkostersallskapet.se\/index.php?rest_route=%2Fwp%2Fv2%2Fcomments&post=26"}],"version-history":[{"count":1,"href":"https:\/\/www.laurinkostersallskapet.se\/index.php?rest_route=\/wp\/v2\/pages\/26\/revisions"}],"predecessor-version":[{"id":27,"href":"https:\/\/www.laurinkostersallskapet.se\/index.php?rest_route=\/wp\/v2\/pages\/26\/revisions\/27"}],"wp:attachment":[{"href":"https:\/\/www.laurinkostersallskapet.se\/index.php?rest_route=%2Fwp%2Fv2%2Fmedia&parent=26"}],"curies":[{"name":"wp","href":"https:\/\/api.w.org\/{rel}","templated":true}]}}